{"id":101,"date":"2023-09-27T13:33:33","date_gmt":"2023-09-27T11:33:33","guid":{"rendered":"https:\/\/tukombo.com\/?post_type=product&#038;p=101"},"modified":"2025-11-13T23:02:02","modified_gmt":"2025-11-13T22:02:02","slug":"leche-semidescremada-en-polvo-nestle","status":"publish","type":"product","link":"https:\/\/tukombo.com\/index.php\/product\/leche-semidescremada-en-polvo-nestle\/","title":{"rendered":"Leche semidescremada en polvo Nestl\u00e9"},"content":{"rendered":"<p><b>Descripci\u00f3n:<\/b><\/p>\n<p class=\"ng-star-inserted\">Ingredientes: Leche semidescremada, jarabe de ma\u00edz, s\u00f3lidos de suero desmineralizado, grasa vegetal, az\u00facar, carbonato de calcio, saborizante artificial, lecitina de soya, sal yodada, carragenina, vitamina C (ascorbato de sodio), \u00e1cido f\u00f3lico, pirofosfato f\u00e9rrico, sulfato de zinc, vitamina A (acetato de retinol), vitamina B1 (tiamina), vitamina B5 (acido pantot\u00e9nico) y vitamina D (colecalciferol). Nutri Rindes\u00ae de Nestl\u00e9 es un producto l\u00e1cteo combinado con grasa vegetal en polvo, ideal para incluir en la alimentaci\u00f3n saludable de toda la familia sobre todo para el desayuno. Fortificado con vitaminas y minerales. Rinde hasta 2 litros. F\u00e1cil de preparar.<\/p>\n","protected":false},"excerpt":{"rendered":"<p>Descripci\u00f3n: Ingredientes: Leche semidescremada, jarabe de ma\u00edz, s\u00f3lidos de suero desmineralizado, grasa vegetal, az\u00facar, carbonato de calcio, saborizante artificial, lecitina de soya,&hellip;<\/p>\n","protected":false},"featured_media":102,"comment_status":"open","ping_status":"closed","template":"","meta":{"_monsterinsights_skip_tracking":false,"_monsterinsights_sitenote_active":false,"_monsterinsights_sitenote_note":"","_monsterinsights_sitenote_category":0},"product_cat":[21],"product_tag":[],"aioseo_notices":[],"_links":{"self":[{"href":"https:\/\/tukombo.com\/index.php\/wp-json\/wp\/v2\/product\/101"}],"collection":[{"href":"https:\/\/tukombo.com\/index.php\/wp-json\/wp\/v2\/product"}],"about":[{"href":"https:\/\/tukombo.com\/index.php\/wp-json\/wp\/v2\/types\/product"}],"replies":[{"embeddable":true,"href":"https:\/\/tukombo.com\/index.php\/wp-json\/wp\/v2\/comments?post=101"}],"wp:featuredmedia":[{"embeddable":true,"href":"https:\/\/tukombo.com\/index.php\/wp-json\/wp\/v2\/media\/102"}],"wp:attachment":[{"href":"https:\/\/tukombo.com\/index.php\/wp-json\/wp\/v2\/media?parent=101"}],"wp:term":[{"taxonomy":"product_cat","embeddable":true,"href":"https:\/\/tukombo.com\/index.php\/wp-json\/wp\/v2\/product_cat?post=101"},{"taxonomy":"product_tag","embeddable":true,"href":"https:\/\/tukombo.com\/index.php\/wp-json\/wp\/v2\/product_tag?post=101"}],"curies":[{"name":"wp","href":"https:\/\/api.w.org\/{rel}","templated":true}]}}