{"id":109,"date":"2023-09-27T13:43:23","date_gmt":"2023-09-27T11:43:23","guid":{"rendered":"https:\/\/tukombo.com\/?post_type=product&#038;p=109"},"modified":"2023-09-27T13:43:23","modified_gmt":"2023-09-27T11:43:23","slug":"mascarillas-higienicas-desechables-ws-med-1-10-u","status":"publish","type":"product","link":"https:\/\/tukombo.com\/index.php\/product\/mascarillas-higienicas-desechables-ws-med-1-10-u\/","title":{"rendered":"Mascarillas higi\u00e9nicas desechables WS-MED-1 (10 U)"},"content":{"rendered":"<p><b>Descripci\u00f3n:<\/b><\/p>\n<p class=\"ng-star-inserted\">&#8211; Contenido: 10 mascarillas. &#8211; Protecci\u00f3n general. &#8211; Pa\u00eds de origen: China.<\/p>\n","protected":false},"excerpt":{"rendered":"<p>Descripci\u00f3n: &#8211; Contenido: 10 mascarillas. &#8211; Protecci\u00f3n general. &#8211; Pa\u00eds de origen: China.<\/p>\n","protected":false},"featured_media":110,"comment_status":"open","ping_status":"closed","template":"","meta":{"_monsterinsights_skip_tracking":false,"_monsterinsights_sitenote_active":false,"_monsterinsights_sitenote_note":"","_monsterinsights_sitenote_category":0},"product_cat":[25],"product_tag":[],"aioseo_notices":[],"_links":{"self":[{"href":"https:\/\/tukombo.com\/index.php\/wp-json\/wp\/v2\/product\/109"}],"collection":[{"href":"https:\/\/tukombo.com\/index.php\/wp-json\/wp\/v2\/product"}],"about":[{"href":"https:\/\/tukombo.com\/index.php\/wp-json\/wp\/v2\/types\/product"}],"replies":[{"embeddable":true,"href":"https:\/\/tukombo.com\/index.php\/wp-json\/wp\/v2\/comments?post=109"}],"wp:featuredmedia":[{"embeddable":true,"href":"https:\/\/tukombo.com\/index.php\/wp-json\/wp\/v2\/media\/110"}],"wp:attachment":[{"href":"https:\/\/tukombo.com\/index.php\/wp-json\/wp\/v2\/media?parent=109"}],"wp:term":[{"taxonomy":"product_cat","embeddable":true,"href":"https:\/\/tukombo.com\/index.php\/wp-json\/wp\/v2\/product_cat?post=109"},{"taxonomy":"product_tag","embeddable":true,"href":"https:\/\/tukombo.com\/index.php\/wp-json\/wp\/v2\/product_tag?post=109"}],"curies":[{"name":"wp","href":"https:\/\/api.w.org\/{rel}","templated":true}]}}