{"id":114,"date":"2023-09-27T13:53:38","date_gmt":"2023-09-27T11:53:38","guid":{"rendered":"https:\/\/tukombo.com\/?post_type=product&#038;p=114"},"modified":"2023-09-27T13:53:38","modified_gmt":"2023-09-27T11:53:38","slug":"salchichas-de-pollo-marca-blanca","status":"publish","type":"product","link":"https:\/\/tukombo.com\/index.php\/product\/salchichas-de-pollo-marca-blanca\/","title":{"rendered":"Salchichas de pollo Marca Blanca"},"content":{"rendered":"<p><b>Descripci\u00f3n:<\/b><\/p>\n<p class=\"ng-star-inserted\">Ingredientes: carne de pollo separada mec\u00e1nicamente, carne de pollo, agua, piel de pollo, almid\u00f3n de mandioca, prote\u00edna de soya (agrobacterium spp.), Sal, estabilizantes: tripolifosfato de sodio y pirofosfato \u00e1cido de sodio, sabor natural (humo) y id\u00e9ntico al sabor natural (nuez moscada, pimienta roja y pimienta negra), acidulante \u00e1cido c\u00edtrico, eritorbato s\u00f3dico antioxidante conservante: nitrito de sodio. Al\u00e9rgicos: contiene derivados de soja. Puede contener leche. Sin gluten.<\/p>\n","protected":false},"excerpt":{"rendered":"<p>Descripci\u00f3n: Ingredientes: carne de pollo separada mec\u00e1nicamente, carne de pollo, agua, piel de pollo, almid\u00f3n de mandioca, prote\u00edna de soya (agrobacterium spp.),&hellip;<\/p>\n","protected":false},"featured_media":115,"comment_status":"open","ping_status":"closed","template":"","meta":{"_monsterinsights_skip_tracking":false,"_monsterinsights_sitenote_active":false,"_monsterinsights_sitenote_note":"","_monsterinsights_sitenote_category":0},"product_cat":[26],"product_tag":[],"aioseo_notices":[],"_links":{"self":[{"href":"https:\/\/tukombo.com\/index.php\/wp-json\/wp\/v2\/product\/114"}],"collection":[{"href":"https:\/\/tukombo.com\/index.php\/wp-json\/wp\/v2\/product"}],"about":[{"href":"https:\/\/tukombo.com\/index.php\/wp-json\/wp\/v2\/types\/product"}],"replies":[{"embeddable":true,"href":"https:\/\/tukombo.com\/index.php\/wp-json\/wp\/v2\/comments?post=114"}],"wp:featuredmedia":[{"embeddable":true,"href":"https:\/\/tukombo.com\/index.php\/wp-json\/wp\/v2\/media\/115"}],"wp:attachment":[{"href":"https:\/\/tukombo.com\/index.php\/wp-json\/wp\/v2\/media?parent=114"}],"wp:term":[{"taxonomy":"product_cat","embeddable":true,"href":"https:\/\/tukombo.com\/index.php\/wp-json\/wp\/v2\/product_cat?post=114"},{"taxonomy":"product_tag","embeddable":true,"href":"https:\/\/tukombo.com\/index.php\/wp-json\/wp\/v2\/product_tag?post=114"}],"curies":[{"name":"wp","href":"https:\/\/api.w.org\/{rel}","templated":true}]}}