{"id":118,"date":"2023-09-27T13:58:56","date_gmt":"2023-09-27T11:58:56","guid":{"rendered":"https:\/\/tukombo.com\/?post_type=product&#038;p=118"},"modified":"2023-09-27T13:58:56","modified_gmt":"2023-09-27T11:58:56","slug":"galletas-de-soda-donde-800-g-1-76-lb","status":"publish","type":"product","link":"https:\/\/tukombo.com\/index.php\/product\/galletas-de-soda-donde-800-g-1-76-lb\/","title":{"rendered":"Galletas de soda Dond\u00e9 (800 g \/ 1.76 lb)"},"content":{"rendered":"<p><b>Descripci\u00f3n:<\/b><\/p>\n<p class=\"ng-star-inserted\">Caja de 5 paquetes de galletas de soda Dond\u00e9. Ingredientes: Harina de trigo fortificada,vitamina B1, B2, B3, \u00e1cido f\u00f3lico, hierro, grasa vegetal comestible, sal yodada, az\u00facar, enzimas, emulsificante.<\/p>\n","protected":false},"excerpt":{"rendered":"<p>Descripci\u00f3n: Caja de 5 paquetes de galletas de soda Dond\u00e9. Ingredientes: Harina de trigo fortificada,vitamina B1, B2, B3, \u00e1cido f\u00f3lico, hierro, grasa&hellip;<\/p>\n","protected":false},"featured_media":119,"comment_status":"open","ping_status":"closed","template":"","meta":{"_monsterinsights_skip_tracking":false,"_monsterinsights_sitenote_active":false,"_monsterinsights_sitenote_note":"","_monsterinsights_sitenote_category":0},"product_cat":[27],"product_tag":[],"aioseo_notices":[],"_links":{"self":[{"href":"https:\/\/tukombo.com\/index.php\/wp-json\/wp\/v2\/product\/118"}],"collection":[{"href":"https:\/\/tukombo.com\/index.php\/wp-json\/wp\/v2\/product"}],"about":[{"href":"https:\/\/tukombo.com\/index.php\/wp-json\/wp\/v2\/types\/product"}],"replies":[{"embeddable":true,"href":"https:\/\/tukombo.com\/index.php\/wp-json\/wp\/v2\/comments?post=118"}],"wp:featuredmedia":[{"embeddable":true,"href":"https:\/\/tukombo.com\/index.php\/wp-json\/wp\/v2\/media\/119"}],"wp:attachment":[{"href":"https:\/\/tukombo.com\/index.php\/wp-json\/wp\/v2\/media?parent=118"}],"wp:term":[{"taxonomy":"product_cat","embeddable":true,"href":"https:\/\/tukombo.com\/index.php\/wp-json\/wp\/v2\/product_cat?post=118"},{"taxonomy":"product_tag","embeddable":true,"href":"https:\/\/tukombo.com\/index.php\/wp-json\/wp\/v2\/product_tag?post=118"}],"curies":[{"name":"wp","href":"https:\/\/api.w.org\/{rel}","templated":true}]}}