{"id":120,"date":"2023-09-27T14:01:11","date_gmt":"2023-09-27T12:01:11","guid":{"rendered":"https:\/\/tukombo.com\/?post_type=product&#038;p=120"},"modified":"2023-09-27T14:01:12","modified_gmt":"2023-09-27T12:01:12","slug":"galletas-saladas-crackers-364-g-12-84-oz","status":"publish","type":"product","link":"https:\/\/tukombo.com\/index.php\/product\/galletas-saladas-crackers-364-g-12-84-oz\/","title":{"rendered":"Galletas saladas crackers (364 g \/ 12.84 oz)"},"content":{"rendered":"<p><b>Descripci\u00f3n:<\/b><\/p>\n<p class=\"ng-star-inserted\">Ingredientes: Harina de Trigo, grasas vegetales de palma y canola, az\u00facar invertido, aceites vegetales palma y canola, az\u00facar, Leche en polvo, agua, sal yodada (2.3%), extracto de malta de Cebada, emulgente (Lecitina de Soja), gasificantes (E503, E500, E450, E34) enzimas.<\/p>\n","protected":false},"excerpt":{"rendered":"<p>Descripci\u00f3n: Ingredientes: Harina de Trigo, grasas vegetales de palma y canola, az\u00facar invertido, aceites vegetales palma y canola, az\u00facar, Leche en polvo,&hellip;<\/p>\n","protected":false},"featured_media":121,"comment_status":"open","ping_status":"closed","template":"","meta":{"_monsterinsights_skip_tracking":false,"_monsterinsights_sitenote_active":false,"_monsterinsights_sitenote_note":"","_monsterinsights_sitenote_category":0},"product_cat":[27],"product_tag":[],"aioseo_notices":[],"_links":{"self":[{"href":"https:\/\/tukombo.com\/index.php\/wp-json\/wp\/v2\/product\/120"}],"collection":[{"href":"https:\/\/tukombo.com\/index.php\/wp-json\/wp\/v2\/product"}],"about":[{"href":"https:\/\/tukombo.com\/index.php\/wp-json\/wp\/v2\/types\/product"}],"replies":[{"embeddable":true,"href":"https:\/\/tukombo.com\/index.php\/wp-json\/wp\/v2\/comments?post=120"}],"wp:featuredmedia":[{"embeddable":true,"href":"https:\/\/tukombo.com\/index.php\/wp-json\/wp\/v2\/media\/121"}],"wp:attachment":[{"href":"https:\/\/tukombo.com\/index.php\/wp-json\/wp\/v2\/media?parent=120"}],"wp:term":[{"taxonomy":"product_cat","embeddable":true,"href":"https:\/\/tukombo.com\/index.php\/wp-json\/wp\/v2\/product_cat?post=120"},{"taxonomy":"product_tag","embeddable":true,"href":"https:\/\/tukombo.com\/index.php\/wp-json\/wp\/v2\/product_tag?post=120"}],"curies":[{"name":"wp","href":"https:\/\/api.w.org\/{rel}","templated":true}]}}