{"id":124,"date":"2023-09-27T14:05:04","date_gmt":"2023-09-27T12:05:04","guid":{"rendered":"https:\/\/tukombo.com\/?post_type=product&#038;p=124"},"modified":"2023-09-27T14:05:04","modified_gmt":"2023-09-27T12:05:04","slug":"cafe-expreso-la-llave-284-g-10-02-oz","status":"publish","type":"product","link":"https:\/\/tukombo.com\/index.php\/product\/cafe-expreso-la-llave-284-g-10-02-oz\/","title":{"rendered":"Caf\u00e9 expreso La Llave (284 g \/ 10.02 oz)"},"content":{"rendered":"<p><b>Descripci\u00f3n:<\/b><\/p>\n<p class=\"ng-star-inserted\">Tostado oscuro, profundamente arom\u00e1tico, rico e intense. Tostado especialmente para el gusto latino. 100% caf\u00e9 puro. Elaborado, tostado y envasado en los Estado Unidos.<\/p>\n","protected":false},"excerpt":{"rendered":"<p>Descripci\u00f3n: Tostado oscuro, profundamente arom\u00e1tico, rico e intense. Tostado especialmente para el gusto latino. 100% caf\u00e9 puro. Elaborado, tostado y envasado en&hellip;<\/p>\n","protected":false},"featured_media":125,"comment_status":"open","ping_status":"closed","template":"","meta":{"_monsterinsights_skip_tracking":false,"_monsterinsights_sitenote_active":false,"_monsterinsights_sitenote_note":"","_monsterinsights_sitenote_category":0},"product_cat":[28],"product_tag":[],"aioseo_notices":[],"_links":{"self":[{"href":"https:\/\/tukombo.com\/index.php\/wp-json\/wp\/v2\/product\/124"}],"collection":[{"href":"https:\/\/tukombo.com\/index.php\/wp-json\/wp\/v2\/product"}],"about":[{"href":"https:\/\/tukombo.com\/index.php\/wp-json\/wp\/v2\/types\/product"}],"replies":[{"embeddable":true,"href":"https:\/\/tukombo.com\/index.php\/wp-json\/wp\/v2\/comments?post=124"}],"wp:featuredmedia":[{"embeddable":true,"href":"https:\/\/tukombo.com\/index.php\/wp-json\/wp\/v2\/media\/125"}],"wp:attachment":[{"href":"https:\/\/tukombo.com\/index.php\/wp-json\/wp\/v2\/media?parent=124"}],"wp:term":[{"taxonomy":"product_cat","embeddable":true,"href":"https:\/\/tukombo.com\/index.php\/wp-json\/wp\/v2\/product_cat?post=124"},{"taxonomy":"product_tag","embeddable":true,"href":"https:\/\/tukombo.com\/index.php\/wp-json\/wp\/v2\/product_tag?post=124"}],"curies":[{"name":"wp","href":"https:\/\/api.w.org\/{rel}","templated":true}]}}