{"id":126,"date":"2023-09-27T14:06:33","date_gmt":"2023-09-27T12:06:33","guid":{"rendered":"https:\/\/tukombo.com\/?post_type=product&#038;p=126"},"modified":"2023-09-27T14:06:34","modified_gmt":"2023-09-27T12:06:34","slug":"cafe-molido-gourmet-250-g-8-8-oz","status":"publish","type":"product","link":"https:\/\/tukombo.com\/index.php\/product\/cafe-molido-gourmet-250-g-8-8-oz\/","title":{"rendered":"Caf\u00e9 molido Gourmet (250 g \/ 8.8 oz)"},"content":{"rendered":"<p><b>Descripci\u00f3n:<\/b><\/p>\n<p class=\"ng-star-inserted\">&#8211; Marca: Gourmet. &#8211; Peso: 250 g \/ 8.81 oz. &#8211; Pa\u00eds de origen: Espa\u00f1a. &#8211; Variedad: Ar\u00e1bica. &#8211; Molido: Fino. &#8211; Tueste: Natural 50% y torrefacto 50%. &#8211; Descafeinado: No. &#8211; Aromatizado: No. &#8211; Org\u00e1nico: Si.<\/p>\n","protected":false},"excerpt":{"rendered":"<p>Descripci\u00f3n: &#8211; Marca: Gourmet. &#8211; Peso: 250 g \/ 8.81 oz. &#8211; Pa\u00eds de origen: Espa\u00f1a. &#8211; Variedad: Ar\u00e1bica. &#8211; Molido: Fino.&hellip;<\/p>\n","protected":false},"featured_media":127,"comment_status":"open","ping_status":"closed","template":"","meta":{"_monsterinsights_skip_tracking":false,"_monsterinsights_sitenote_active":false,"_monsterinsights_sitenote_note":"","_monsterinsights_sitenote_category":0},"product_cat":[28],"product_tag":[],"aioseo_notices":[],"_links":{"self":[{"href":"https:\/\/tukombo.com\/index.php\/wp-json\/wp\/v2\/product\/126"}],"collection":[{"href":"https:\/\/tukombo.com\/index.php\/wp-json\/wp\/v2\/product"}],"about":[{"href":"https:\/\/tukombo.com\/index.php\/wp-json\/wp\/v2\/types\/product"}],"replies":[{"embeddable":true,"href":"https:\/\/tukombo.com\/index.php\/wp-json\/wp\/v2\/comments?post=126"}],"wp:featuredmedia":[{"embeddable":true,"href":"https:\/\/tukombo.com\/index.php\/wp-json\/wp\/v2\/media\/127"}],"wp:attachment":[{"href":"https:\/\/tukombo.com\/index.php\/wp-json\/wp\/v2\/media?parent=126"}],"wp:term":[{"taxonomy":"product_cat","embeddable":true,"href":"https:\/\/tukombo.com\/index.php\/wp-json\/wp\/v2\/product_cat?post=126"},{"taxonomy":"product_tag","embeddable":true,"href":"https:\/\/tukombo.com\/index.php\/wp-json\/wp\/v2\/product_tag?post=126"}],"curies":[{"name":"wp","href":"https:\/\/api.w.org\/{rel}","templated":true}]}}