{"id":128,"date":"2023-09-27T14:08:44","date_gmt":"2023-09-27T12:08:44","guid":{"rendered":"https:\/\/tukombo.com\/?post_type=product&#038;p=128"},"modified":"2023-09-27T14:08:45","modified_gmt":"2023-09-27T12:08:45","slug":"jabon-de-tocador-exfoliacion-nutritiva-coco-y-algodon-palmolive-100-g-3-5-oz","status":"publish","type":"product","link":"https:\/\/tukombo.com\/index.php\/product\/jabon-de-tocador-exfoliacion-nutritiva-coco-y-algodon-palmolive-100-g-3-5-oz\/","title":{"rendered":"Jab\u00f3n de tocador Exfoliaci\u00f3n Nutritiva coco y algod\u00f3n Palmolive (100 g \/ 3.5 oz)"},"content":{"rendered":"<p><b>Descripci\u00f3n:<\/b><\/p>\n<p class=\"ng-star-inserted\">Jab\u00f3n de tocador Exfoliaci\u00f3n Nutritiva de coco y algod\u00f3n, con vitamina E y glicerina, infusionado con ingredientes 100% de origen natural con su f\u00f3rmula nutritiva que funciona como alimento para tu piel, para cuidar y nutrir la piel de toda tu familia.<\/p>\n","protected":false},"excerpt":{"rendered":"<p>Descripci\u00f3n: Jab\u00f3n de tocador Exfoliaci\u00f3n Nutritiva de coco y algod\u00f3n, con vitamina E y glicerina, infusionado con ingredientes 100% de origen natural&hellip;<\/p>\n","protected":false},"featured_media":129,"comment_status":"open","ping_status":"closed","template":"","meta":{"_monsterinsights_skip_tracking":false,"_monsterinsights_sitenote_active":false,"_monsterinsights_sitenote_note":"","_monsterinsights_sitenote_category":0},"product_cat":[25],"product_tag":[],"aioseo_notices":[],"_links":{"self":[{"href":"https:\/\/tukombo.com\/index.php\/wp-json\/wp\/v2\/product\/128"}],"collection":[{"href":"https:\/\/tukombo.com\/index.php\/wp-json\/wp\/v2\/product"}],"about":[{"href":"https:\/\/tukombo.com\/index.php\/wp-json\/wp\/v2\/types\/product"}],"replies":[{"embeddable":true,"href":"https:\/\/tukombo.com\/index.php\/wp-json\/wp\/v2\/comments?post=128"}],"wp:featuredmedia":[{"embeddable":true,"href":"https:\/\/tukombo.com\/index.php\/wp-json\/wp\/v2\/media\/129"}],"wp:attachment":[{"href":"https:\/\/tukombo.com\/index.php\/wp-json\/wp\/v2\/media?parent=128"}],"wp:term":[{"taxonomy":"product_cat","embeddable":true,"href":"https:\/\/tukombo.com\/index.php\/wp-json\/wp\/v2\/product_cat?post=128"},{"taxonomy":"product_tag","embeddable":true,"href":"https:\/\/tukombo.com\/index.php\/wp-json\/wp\/v2\/product_tag?post=128"}],"curies":[{"name":"wp","href":"https:\/\/api.w.org\/{rel}","templated":true}]}}