{"id":1302,"date":"2025-05-30T15:56:59","date_gmt":"2025-05-30T13:56:59","guid":{"rendered":"https:\/\/tukombo.com\/?post_type=product&#038;p=1302"},"modified":"2025-05-30T16:27:23","modified_gmt":"2025-05-30T14:27:23","slug":"nata-vegetal","status":"publish","type":"product","link":"https:\/\/tukombo.com\/index.php\/product\/nata-vegetal\/","title":{"rendered":"Nata Vegetal 1L"},"content":{"rendered":"<p>Producto de pasteler\u00eda azucarado y estabilizado, a base de grasas vegetales hidrogenadas, confeccionado en Tetra Pack, de montar. \u00datil para rellenos y decoraci\u00f3n de tartas y helados. Libre de gluten y lactosa. Formato de presentaci\u00f3n: 1 Litro<\/p>\n","protected":false},"excerpt":{"rendered":"<p>Producto de pasteler\u00eda azucarado y estabilizado, a base de grasas vegetales hidrogenadas, confeccionado en Tetra Pack, de montar. \u00datil para rellenos y&hellip;<\/p>\n","protected":false},"featured_media":1303,"comment_status":"open","ping_status":"closed","template":"","meta":{"_monsterinsights_skip_tracking":false,"_monsterinsights_sitenote_active":false,"_monsterinsights_sitenote_note":"","_monsterinsights_sitenote_category":0},"product_cat":[29],"product_tag":[44,47,46,41],"aioseo_notices":[],"_links":{"self":[{"href":"https:\/\/tukombo.com\/index.php\/wp-json\/wp\/v2\/product\/1302"}],"collection":[{"href":"https:\/\/tukombo.com\/index.php\/wp-json\/wp\/v2\/product"}],"about":[{"href":"https:\/\/tukombo.com\/index.php\/wp-json\/wp\/v2\/types\/product"}],"replies":[{"embeddable":true,"href":"https:\/\/tukombo.com\/index.php\/wp-json\/wp\/v2\/comments?post=1302"}],"wp:featuredmedia":[{"embeddable":true,"href":"https:\/\/tukombo.com\/index.php\/wp-json\/wp\/v2\/media\/1303"}],"wp:attachment":[{"href":"https:\/\/tukombo.com\/index.php\/wp-json\/wp\/v2\/media?parent=1302"}],"wp:term":[{"taxonomy":"product_cat","embeddable":true,"href":"https:\/\/tukombo.com\/index.php\/wp-json\/wp\/v2\/product_cat?post=1302"},{"taxonomy":"product_tag","embeddable":true,"href":"https:\/\/tukombo.com\/index.php\/wp-json\/wp\/v2\/product_tag?post=1302"}],"curies":[{"name":"wp","href":"https:\/\/api.w.org\/{rel}","templated":true}]}}