{"id":1304,"date":"2025-05-30T16:11:30","date_gmt":"2025-05-30T14:11:30","guid":{"rendered":"https:\/\/tukombo.com\/?post_type=product&#038;p=1304"},"modified":"2025-05-30T16:33:08","modified_gmt":"2025-05-30T14:33:08","slug":"grajeas-de-azucar","status":"publish","type":"product","link":"https:\/\/tukombo.com\/index.php\/product\/grajeas-de-azucar\/","title":{"rendered":"Grajeas de Az\u00facar 1 Kg"},"content":{"rendered":"<p>Grajeas de az\u00facar, coloridas y brillantes ideal para decoraci\u00f3n de tartas, pasteles y helados. No necesita preparaci\u00f3n, se consume directamente. Debe ser almacenado a temperatura ambiente en un lugar fresco y seco. Formato de presentaci\u00f3n: 1 Kg.<\/p>\n","protected":false},"excerpt":{"rendered":"<p>Grajeas de az\u00facar, coloridas y brillantes ideal para decoraci\u00f3n de tartas, pasteles y helados. No necesita preparaci\u00f3n, se consume directamente. Debe ser&hellip;<\/p>\n","protected":false},"featured_media":1305,"comment_status":"open","ping_status":"closed","template":"","meta":{"_monsterinsights_skip_tracking":false,"_monsterinsights_sitenote_active":false,"_monsterinsights_sitenote_note":"","_monsterinsights_sitenote_category":0},"product_cat":[29],"product_tag":[44,43,40,42,45,41],"aioseo_notices":[],"_links":{"self":[{"href":"https:\/\/tukombo.com\/index.php\/wp-json\/wp\/v2\/product\/1304"}],"collection":[{"href":"https:\/\/tukombo.com\/index.php\/wp-json\/wp\/v2\/product"}],"about":[{"href":"https:\/\/tukombo.com\/index.php\/wp-json\/wp\/v2\/types\/product"}],"replies":[{"embeddable":true,"href":"https:\/\/tukombo.com\/index.php\/wp-json\/wp\/v2\/comments?post=1304"}],"wp:featuredmedia":[{"embeddable":true,"href":"https:\/\/tukombo.com\/index.php\/wp-json\/wp\/v2\/media\/1305"}],"wp:attachment":[{"href":"https:\/\/tukombo.com\/index.php\/wp-json\/wp\/v2\/media?parent=1304"}],"wp:term":[{"taxonomy":"product_cat","embeddable":true,"href":"https:\/\/tukombo.com\/index.php\/wp-json\/wp\/v2\/product_cat?post=1304"},{"taxonomy":"product_tag","embeddable":true,"href":"https:\/\/tukombo.com\/index.php\/wp-json\/wp\/v2\/product_tag?post=1304"}],"curies":[{"name":"wp","href":"https:\/\/api.w.org\/{rel}","templated":true}]}}