{"id":1333,"date":"2025-07-04T18:38:38","date_gmt":"2025-07-04T16:38:38","guid":{"rendered":"https:\/\/tukombo.com\/?post_type=product&#038;p=1333"},"modified":"2025-07-04T19:58:51","modified_gmt":"2025-07-04T17:58:51","slug":"nucleo-enzimatico-0-2","status":"publish","type":"product","link":"https:\/\/tukombo.com\/index.php\/product\/nucleo-enzimatico-0-2\/","title":{"rendered":"N\u00facleo Enzim\u00e1tico 0.2%"},"content":{"rendered":"<p>Este producto no contiene al\u00e9rgenos. Puede contener trazas de gluten, soja y l\u00e1cteos. Modo de empleo: incorporar a la harina en el momento del amasado.<\/p>\n","protected":false},"excerpt":{"rendered":"<p>Este producto no contiene al\u00e9rgenos. Puede contener trazas de gluten, soja y l\u00e1cteos. Modo de empleo: incorporar a la harina en el&hellip;<\/p>\n","protected":false},"featured_media":1334,"comment_status":"open","ping_status":"closed","template":"","meta":{"_monsterinsights_skip_tracking":false,"_monsterinsights_sitenote_active":false,"_monsterinsights_sitenote_note":"","_monsterinsights_sitenote_category":0},"product_cat":[29],"product_tag":[40,49],"aioseo_notices":[],"_links":{"self":[{"href":"https:\/\/tukombo.com\/index.php\/wp-json\/wp\/v2\/product\/1333"}],"collection":[{"href":"https:\/\/tukombo.com\/index.php\/wp-json\/wp\/v2\/product"}],"about":[{"href":"https:\/\/tukombo.com\/index.php\/wp-json\/wp\/v2\/types\/product"}],"replies":[{"embeddable":true,"href":"https:\/\/tukombo.com\/index.php\/wp-json\/wp\/v2\/comments?post=1333"}],"wp:featuredmedia":[{"embeddable":true,"href":"https:\/\/tukombo.com\/index.php\/wp-json\/wp\/v2\/media\/1334"}],"wp:attachment":[{"href":"https:\/\/tukombo.com\/index.php\/wp-json\/wp\/v2\/media?parent=1333"}],"wp:term":[{"taxonomy":"product_cat","embeddable":true,"href":"https:\/\/tukombo.com\/index.php\/wp-json\/wp\/v2\/product_cat?post=1333"},{"taxonomy":"product_tag","embeddable":true,"href":"https:\/\/tukombo.com\/index.php\/wp-json\/wp\/v2\/product_tag?post=1333"}],"curies":[{"name":"wp","href":"https:\/\/api.w.org\/{rel}","templated":true}]}}