{"id":1352,"date":"2025-07-08T16:43:50","date_gmt":"2025-07-08T14:43:50","guid":{"rendered":"https:\/\/tukombo.com\/?post_type=product&#038;p=1352"},"modified":"2025-07-08T17:11:58","modified_gmt":"2025-07-08T15:11:58","slug":"emulsionante-emulsoft2-5-kg","status":"publish","type":"product","link":"https:\/\/tukombo.com\/index.php\/product\/emulsionante-emulsoft2-5-kg\/","title":{"rendered":"Emulsionante EMULSOFT 5 Kg"},"content":{"rendered":"<p>Emulsionante tecnol\u00f3gico en forma de crema, de uso en pasteler\u00eda. Mejora la textura durante la vida \u00fatil del producto. Se emplea como emulsionante y ablandador en muffins, bizcochos plancha, bizcochos de soletilla y masas fermentadas.<\/p>\n","protected":false},"excerpt":{"rendered":"<p>Emulsionante tecnol\u00f3gico en forma de crema, de uso en pasteler\u00eda. Mejora la textura durante la vida \u00fatil del producto. Se emplea como&hellip;<\/p>\n","protected":false},"featured_media":1353,"comment_status":"open","ping_status":"closed","template":"","meta":{"_monsterinsights_skip_tracking":false,"_monsterinsights_sitenote_active":false,"_monsterinsights_sitenote_note":"","_monsterinsights_sitenote_category":0},"product_cat":[29],"product_tag":[52,53,46],"aioseo_notices":[],"_links":{"self":[{"href":"https:\/\/tukombo.com\/index.php\/wp-json\/wp\/v2\/product\/1352"}],"collection":[{"href":"https:\/\/tukombo.com\/index.php\/wp-json\/wp\/v2\/product"}],"about":[{"href":"https:\/\/tukombo.com\/index.php\/wp-json\/wp\/v2\/types\/product"}],"replies":[{"embeddable":true,"href":"https:\/\/tukombo.com\/index.php\/wp-json\/wp\/v2\/comments?post=1352"}],"wp:featuredmedia":[{"embeddable":true,"href":"https:\/\/tukombo.com\/index.php\/wp-json\/wp\/v2\/media\/1353"}],"wp:attachment":[{"href":"https:\/\/tukombo.com\/index.php\/wp-json\/wp\/v2\/media?parent=1352"}],"wp:term":[{"taxonomy":"product_cat","embeddable":true,"href":"https:\/\/tukombo.com\/index.php\/wp-json\/wp\/v2\/product_cat?post=1352"},{"taxonomy":"product_tag","embeddable":true,"href":"https:\/\/tukombo.com\/index.php\/wp-json\/wp\/v2\/product_tag?post=1352"}],"curies":[{"name":"wp","href":"https:\/\/api.w.org\/{rel}","templated":true}]}}