{"id":1354,"date":"2025-07-08T16:56:17","date_gmt":"2025-07-08T14:56:17","guid":{"rendered":"https:\/\/tukombo.com\/?post_type=product&#038;p=1354"},"modified":"2025-07-08T16:56:17","modified_gmt":"2025-07-08T14:56:17","slug":"emulsionante-betimul-pro-5-kg","status":"publish","type":"product","link":"https:\/\/tukombo.com\/index.php\/product\/emulsionante-betimul-pro-5-kg\/","title":{"rendered":"Emulsionante BETIMUL PRO 5 Kg"},"content":{"rendered":"<p>Emulsionante tecnol\u00f3gico en gel de uso en pasteler\u00eda para mejorar la aireaci\u00f3n de los batidos en bizcochos.<\/p>\n","protected":false},"excerpt":{"rendered":"<p>Emulsionante tecnol\u00f3gico en gel de uso en pasteler\u00eda para mejorar la aireaci\u00f3n de los batidos en bizcochos.<\/p>\n","protected":false},"featured_media":1355,"comment_status":"open","ping_status":"closed","template":"","meta":{"_monsterinsights_skip_tracking":false,"_monsterinsights_sitenote_active":false,"_monsterinsights_sitenote_note":"","_monsterinsights_sitenote_category":0},"product_cat":[33,29],"product_tag":[40,53,46,41],"aioseo_notices":[],"_links":{"self":[{"href":"https:\/\/tukombo.com\/index.php\/wp-json\/wp\/v2\/product\/1354"}],"collection":[{"href":"https:\/\/tukombo.com\/index.php\/wp-json\/wp\/v2\/product"}],"about":[{"href":"https:\/\/tukombo.com\/index.php\/wp-json\/wp\/v2\/types\/product"}],"replies":[{"embeddable":true,"href":"https:\/\/tukombo.com\/index.php\/wp-json\/wp\/v2\/comments?post=1354"}],"wp:featuredmedia":[{"embeddable":true,"href":"https:\/\/tukombo.com\/index.php\/wp-json\/wp\/v2\/media\/1355"}],"wp:attachment":[{"href":"https:\/\/tukombo.com\/index.php\/wp-json\/wp\/v2\/media?parent=1354"}],"wp:term":[{"taxonomy":"product_cat","embeddable":true,"href":"https:\/\/tukombo.com\/index.php\/wp-json\/wp\/v2\/product_cat?post=1354"},{"taxonomy":"product_tag","embeddable":true,"href":"https:\/\/tukombo.com\/index.php\/wp-json\/wp\/v2\/product_tag?post=1354"}],"curies":[{"name":"wp","href":"https:\/\/api.w.org\/{rel}","templated":true}]}}