{"id":1472,"date":"2025-09-17T17:34:20","date_gmt":"2025-09-17T15:34:20","guid":{"rendered":"https:\/\/tukombo.com\/?post_type=product&#038;p=1472"},"modified":"2025-09-17T18:00:47","modified_gmt":"2025-09-17T16:00:47","slug":"nucleo-enzimatico-0-2-2","status":"publish","type":"product","link":"https:\/\/tukombo.com\/index.php\/product\/nucleo-enzimatico-0-2-2\/","title":{"rendered":"N\u00facleo Enzim\u00e1tico GPC 0.4%"},"content":{"rendered":"<p>Para panificaci\u00f3n y uso industrial. Mezclar aproximadamente 15 minutos\u00a0 unos 2 Kg de n\u00facleo con 800 kg de harina. Durabilidad: 12 meses a partir de la fecha de fabricaci\u00f3n.<\/p>\n","protected":false},"excerpt":{"rendered":"<p>Para panificaci\u00f3n y uso industrial. Mezclar aproximadamente 15 minutos\u00a0 unos 2 Kg de n\u00facleo con 800 kg de harina. Durabilidad: 12 meses&hellip;<\/p>\n","protected":false},"featured_media":1474,"comment_status":"open","ping_status":"closed","template":"","meta":{"_monsterinsights_skip_tracking":false,"_monsterinsights_sitenote_active":false,"_monsterinsights_sitenote_note":"","_monsterinsights_sitenote_category":0},"product_cat":[29,33],"product_tag":[],"aioseo_notices":[],"_links":{"self":[{"href":"https:\/\/tukombo.com\/index.php\/wp-json\/wp\/v2\/product\/1472"}],"collection":[{"href":"https:\/\/tukombo.com\/index.php\/wp-json\/wp\/v2\/product"}],"about":[{"href":"https:\/\/tukombo.com\/index.php\/wp-json\/wp\/v2\/types\/product"}],"replies":[{"embeddable":true,"href":"https:\/\/tukombo.com\/index.php\/wp-json\/wp\/v2\/comments?post=1472"}],"wp:featuredmedia":[{"embeddable":true,"href":"https:\/\/tukombo.com\/index.php\/wp-json\/wp\/v2\/media\/1474"}],"wp:attachment":[{"href":"https:\/\/tukombo.com\/index.php\/wp-json\/wp\/v2\/media?parent=1472"}],"wp:term":[{"taxonomy":"product_cat","embeddable":true,"href":"https:\/\/tukombo.com\/index.php\/wp-json\/wp\/v2\/product_cat?post=1472"},{"taxonomy":"product_tag","embeddable":true,"href":"https:\/\/tukombo.com\/index.php\/wp-json\/wp\/v2\/product_tag?post=1472"}],"curies":[{"name":"wp","href":"https:\/\/api.w.org\/{rel}","templated":true}]}}