{"id":1633,"date":"2025-11-03T21:46:25","date_gmt":"2025-11-03T20:46:25","guid":{"rendered":"https:\/\/tukombo.com\/?post_type=product&#038;p=1633"},"modified":"2025-11-03T21:46:25","modified_gmt":"2025-11-03T20:46:25","slug":"levadura-seca-instantanea-apalav-500-gr","status":"publish","type":"product","link":"https:\/\/tukombo.com\/index.php\/product\/levadura-seca-instantanea-apalav-500-gr\/","title":{"rendered":"Levadura Seca Instant\u00e1nea APALAV 500 gr"},"content":{"rendered":"<p>La levadura seca instant\u00e1nea APALAV sin \u00e1cido asc\u00f3rbico, est\u00e1 envasada al vac\u00edo en bolsas. No requiere ning\u00fan paso de rehidrataci\u00f3n antes de la preparaci\u00f3n de la masa. Solo mezclar con la harina es suficiente. Es ideal para bagels, galletas, croissants, donas, muffins ingleses, panes planos, panes de hoguera, panes de molde y bases de pizza si hay suficiente oxidaci\u00f3n en la masa. Ideal para masas con bajo contenido de az\u00facar (del 0 al 5 % de az\u00facar en proporci\u00f3n al peso de la harina).<\/p>\n","protected":false},"excerpt":{"rendered":"<p>La levadura seca instant\u00e1nea APALAV sin \u00e1cido asc\u00f3rbico, est\u00e1 envasada al vac\u00edo en bolsas. No requiere ning\u00fan paso de rehidrataci\u00f3n antes de&hellip;<\/p>\n","protected":false},"featured_media":1634,"comment_status":"open","ping_status":"closed","template":"","meta":{"_monsterinsights_skip_tracking":false,"_monsterinsights_sitenote_active":false,"_monsterinsights_sitenote_note":"","_monsterinsights_sitenote_category":0},"product_cat":[29],"product_tag":[48,50,49],"aioseo_notices":[],"_links":{"self":[{"href":"https:\/\/tukombo.com\/index.php\/wp-json\/wp\/v2\/product\/1633"}],"collection":[{"href":"https:\/\/tukombo.com\/index.php\/wp-json\/wp\/v2\/product"}],"about":[{"href":"https:\/\/tukombo.com\/index.php\/wp-json\/wp\/v2\/types\/product"}],"replies":[{"embeddable":true,"href":"https:\/\/tukombo.com\/index.php\/wp-json\/wp\/v2\/comments?post=1633"}],"wp:featuredmedia":[{"embeddable":true,"href":"https:\/\/tukombo.com\/index.php\/wp-json\/wp\/v2\/media\/1634"}],"wp:attachment":[{"href":"https:\/\/tukombo.com\/index.php\/wp-json\/wp\/v2\/media?parent=1633"}],"wp:term":[{"taxonomy":"product_cat","embeddable":true,"href":"https:\/\/tukombo.com\/index.php\/wp-json\/wp\/v2\/product_cat?post=1633"},{"taxonomy":"product_tag","embeddable":true,"href":"https:\/\/tukombo.com\/index.php\/wp-json\/wp\/v2\/product_tag?post=1633"}],"curies":[{"name":"wp","href":"https:\/\/api.w.org\/{rel}","templated":true}]}}