{"id":189,"date":"2023-12-04T17:35:08","date_gmt":"2023-12-04T16:35:08","guid":{"rendered":"https:\/\/tukombo.com\/?post_type=product&#038;p=189"},"modified":"2024-01-25T17:12:02","modified_gmt":"2024-01-25T16:12:02","slug":"cerveza-victoria-de-malaga","status":"publish","type":"product","link":"https:\/\/tukombo.com\/index.php\/product\/cerveza-victoria-de-malaga\/","title":{"rendered":"Cerveza Victoria de Malaga"},"content":{"rendered":"<div class=\"mt-0\"><span class=\"mr-1\"><a href=\"https:\/\/birrapedia.com\/es\/cerveza-lager\/b-73656365722d65736c61676572\">Lager<\/a><\/span> <span class=\"mr-1\">4.8 \u00ba<\/span> <span class=\"mr-1\">25 IBU<\/span><\/div>\n<div><\/div>\n<div class=\"mt-1\"><a href=\"https:\/\/birrapedia.com\/es\/cervezas-victoria\/e-527f4f18d187e4010901043c\">Cervezas Victoria<\/a><\/div>\n<div class=\"text-muted mt-1\">\n<p>Victoria M\u00e1laga<\/p>\n<p>Car\u00e1cter malague\u00f1o<\/p>\n<p>Una cerveza refrescante y equilibrada en cuerpo y aroma, ideal para tomar en cualquier momento del d\u00eda. Destaca por su amarillo p\u00e1lido y su espuma de burbujas finas, blancas y brillantes.<\/p>\n<\/div>\n","protected":false},"excerpt":{"rendered":"<p>Lager 4.8 \u00ba 25 IBU Cervezas Victoria Victoria M\u00e1laga Car\u00e1cter malague\u00f1o Una cerveza refrescante y equilibrada en cuerpo y aroma, ideal para&hellip;<\/p>\n","protected":false},"featured_media":190,"comment_status":"open","ping_status":"closed","template":"","meta":{"_monsterinsights_skip_tracking":false,"_monsterinsights_sitenote_active":false,"_monsterinsights_sitenote_note":"","_monsterinsights_sitenote_category":0},"product_cat":[32],"product_tag":[],"aioseo_notices":[],"_links":{"self":[{"href":"https:\/\/tukombo.com\/index.php\/wp-json\/wp\/v2\/product\/189"}],"collection":[{"href":"https:\/\/tukombo.com\/index.php\/wp-json\/wp\/v2\/product"}],"about":[{"href":"https:\/\/tukombo.com\/index.php\/wp-json\/wp\/v2\/types\/product"}],"replies":[{"embeddable":true,"href":"https:\/\/tukombo.com\/index.php\/wp-json\/wp\/v2\/comments?post=189"}],"wp:featuredmedia":[{"embeddable":true,"href":"https:\/\/tukombo.com\/index.php\/wp-json\/wp\/v2\/media\/190"}],"wp:attachment":[{"href":"https:\/\/tukombo.com\/index.php\/wp-json\/wp\/v2\/media?parent=189"}],"wp:term":[{"taxonomy":"product_cat","embeddable":true,"href":"https:\/\/tukombo.com\/index.php\/wp-json\/wp\/v2\/product_cat?post=189"},{"taxonomy":"product_tag","embeddable":true,"href":"https:\/\/tukombo.com\/index.php\/wp-json\/wp\/v2\/product_tag?post=189"}],"curies":[{"name":"wp","href":"https:\/\/api.w.org\/{rel}","templated":true}]}}