{"id":521,"date":"2024-02-29T01:07:39","date_gmt":"2024-02-29T00:07:39","guid":{"rendered":"https:\/\/tukombo.com\/?post_type=product&#038;p=521"},"modified":"2024-02-29T01:08:43","modified_gmt":"2024-02-29T00:08:43","slug":"queso-curado-monarc-200g","status":"publish","type":"product","link":"https:\/\/tukombo.com\/index.php\/product\/queso-curado-monarc-200g\/","title":{"rendered":"Queso Curado Monarc 200g"},"content":{"rendered":"<p>El queso curado es famoso por su textura dura y sabor robusto, enriquecido por el proceso de maduraci\u00f3n prolongado. Excelente para rallar sobre platos calientes, como pastas y sopas, aportando un sabor intenso y una textura agradable. Su car\u00e1cter fuerte tambi\u00e9n lo hace perfecto para degustar solo, acompa\u00f1ado de vinos robustos, o como parte de tablas de quesos, donde su sabor distintivo se convierte en el protagonista. Este queso es ideal para quienes aprecian sabores intensos y profundos en sus comidas.<\/p>\n","protected":false},"excerpt":{"rendered":"<p>El queso curado es famoso por su textura dura y sabor robusto, enriquecido por el proceso de maduraci\u00f3n prolongado. Excelente para rallar&hellip;<\/p>\n","protected":false},"featured_media":522,"comment_status":"open","ping_status":"closed","template":"","meta":{"_monsterinsights_skip_tracking":false,"_monsterinsights_sitenote_active":false,"_monsterinsights_sitenote_note":"","_monsterinsights_sitenote_category":0},"product_cat":[21],"product_tag":[],"aioseo_notices":[],"_links":{"self":[{"href":"https:\/\/tukombo.com\/index.php\/wp-json\/wp\/v2\/product\/521"}],"collection":[{"href":"https:\/\/tukombo.com\/index.php\/wp-json\/wp\/v2\/product"}],"about":[{"href":"https:\/\/tukombo.com\/index.php\/wp-json\/wp\/v2\/types\/product"}],"replies":[{"embeddable":true,"href":"https:\/\/tukombo.com\/index.php\/wp-json\/wp\/v2\/comments?post=521"}],"wp:featuredmedia":[{"embeddable":true,"href":"https:\/\/tukombo.com\/index.php\/wp-json\/wp\/v2\/media\/522"}],"wp:attachment":[{"href":"https:\/\/tukombo.com\/index.php\/wp-json\/wp\/v2\/media?parent=521"}],"wp:term":[{"taxonomy":"product_cat","embeddable":true,"href":"https:\/\/tukombo.com\/index.php\/wp-json\/wp\/v2\/product_cat?post=521"},{"taxonomy":"product_tag","embeddable":true,"href":"https:\/\/tukombo.com\/index.php\/wp-json\/wp\/v2\/product_tag?post=521"}],"curies":[{"name":"wp","href":"https:\/\/api.w.org\/{rel}","templated":true}]}}