{"id":543,"date":"2024-02-29T23:03:29","date_gmt":"2024-02-29T22:03:29","guid":{"rendered":"https:\/\/tukombo.com\/?post_type=product&#038;p=543"},"modified":"2024-02-29T23:03:29","modified_gmt":"2024-02-29T22:03:29","slug":"crema-de-queso-de-untar-natural-juan-martinez-2kg","status":"publish","type":"product","link":"https:\/\/tukombo.com\/index.php\/product\/crema-de-queso-de-untar-natural-juan-martinez-2kg\/","title":{"rendered":"Crema de Queso de Untar Natural Juan Martinez &#8211; 2kg"},"content":{"rendered":"<p>La crema de queso fundido de untar, distinta del queso crema por su proceso de elaboraci\u00f3n y textura suave, es ideal para esparcir sobre pan, crackers y bagels, a\u00f1adiendo un sabor delicado y confortante. Su consistencia untuosa la hace perfecta para canap\u00e9s, s\u00e1ndwiches gourmet y como ingrediente en salsas cremosas y dips. Aporta un toque de indulgencia a cualquier plato o snack, realzando la experiencia culinaria sin la pesadez del queso crema.<\/p>\n","protected":false},"excerpt":{"rendered":"<p>La crema de queso fundido de untar, distinta del queso crema por su proceso de elaboraci\u00f3n y textura suave, es ideal para&hellip;<\/p>\n","protected":false},"featured_media":544,"comment_status":"open","ping_status":"closed","template":"","meta":{"_monsterinsights_skip_tracking":false,"_monsterinsights_sitenote_active":false,"_monsterinsights_sitenote_note":"","_monsterinsights_sitenote_category":0},"product_cat":[21],"product_tag":[],"aioseo_notices":[],"_links":{"self":[{"href":"https:\/\/tukombo.com\/index.php\/wp-json\/wp\/v2\/product\/543"}],"collection":[{"href":"https:\/\/tukombo.com\/index.php\/wp-json\/wp\/v2\/product"}],"about":[{"href":"https:\/\/tukombo.com\/index.php\/wp-json\/wp\/v2\/types\/product"}],"replies":[{"embeddable":true,"href":"https:\/\/tukombo.com\/index.php\/wp-json\/wp\/v2\/comments?post=543"}],"wp:featuredmedia":[{"embeddable":true,"href":"https:\/\/tukombo.com\/index.php\/wp-json\/wp\/v2\/media\/544"}],"wp:attachment":[{"href":"https:\/\/tukombo.com\/index.php\/wp-json\/wp\/v2\/media?parent=543"}],"wp:term":[{"taxonomy":"product_cat","embeddable":true,"href":"https:\/\/tukombo.com\/index.php\/wp-json\/wp\/v2\/product_cat?post=543"},{"taxonomy":"product_tag","embeddable":true,"href":"https:\/\/tukombo.com\/index.php\/wp-json\/wp\/v2\/product_tag?post=543"}],"curies":[{"name":"wp","href":"https:\/\/api.w.org\/{rel}","templated":true}]}}