{"id":974,"date":"2025-03-10T17:31:44","date_gmt":"2025-03-10T16:31:44","guid":{"rendered":"https:\/\/tukombo.com\/?post_type=product&#038;p=974"},"modified":"2025-03-10T17:32:19","modified_gmt":"2025-03-10T16:32:19","slug":"974","status":"publish","type":"product","link":"https:\/\/tukombo.com\/index.php\/product\/974\/","title":{"rendered":"Queso Crema Silverado 2kg"},"content":{"rendered":"<p>El <strong data-start=\"1306\" data-end=\"1335\">Queso Crema Silverado 2kg<\/strong> es una opci\u00f3n ideal para reposter\u00eda y preparaciones gourmet. Su textura suave y cremosa lo hace perfecto para la elaboraci\u00f3n de tartas, cheesecakes y postres de alta calidad. Su sabor delicado se complementa con una gran capacidad de integraci\u00f3n en diversas recetas, ofreciendo un acabado profesional en cada preparaci\u00f3n.<\/p>\n","protected":false},"excerpt":{"rendered":"<p>El Queso Crema Silverado 2kg es una opci\u00f3n ideal para reposter\u00eda y preparaciones gourmet. Su textura suave y cremosa lo hace perfecto&hellip;<\/p>\n","protected":false},"featured_media":968,"comment_status":"open","ping_status":"closed","template":"","meta":{"_monsterinsights_skip_tracking":false,"_monsterinsights_sitenote_active":false,"_monsterinsights_sitenote_note":"","_monsterinsights_sitenote_category":0},"product_cat":[21],"product_tag":[],"aioseo_notices":[],"_links":{"self":[{"href":"https:\/\/tukombo.com\/index.php\/wp-json\/wp\/v2\/product\/974"}],"collection":[{"href":"https:\/\/tukombo.com\/index.php\/wp-json\/wp\/v2\/product"}],"about":[{"href":"https:\/\/tukombo.com\/index.php\/wp-json\/wp\/v2\/types\/product"}],"replies":[{"embeddable":true,"href":"https:\/\/tukombo.com\/index.php\/wp-json\/wp\/v2\/comments?post=974"}],"wp:featuredmedia":[{"embeddable":true,"href":"https:\/\/tukombo.com\/index.php\/wp-json\/wp\/v2\/media\/968"}],"wp:attachment":[{"href":"https:\/\/tukombo.com\/index.php\/wp-json\/wp\/v2\/media?parent=974"}],"wp:term":[{"taxonomy":"product_cat","embeddable":true,"href":"https:\/\/tukombo.com\/index.php\/wp-json\/wp\/v2\/product_cat?post=974"},{"taxonomy":"product_tag","embeddable":true,"href":"https:\/\/tukombo.com\/index.php\/wp-json\/wp\/v2\/product_tag?post=974"}],"curies":[{"name":"wp","href":"https:\/\/api.w.org\/{rel}","templated":true}]}}