{"id":99,"date":"2023-09-27T13:31:21","date_gmt":"2023-09-27T11:31:21","guid":{"rendered":"https:\/\/tukombo.com\/?post_type=product&#038;p=99"},"modified":"2025-06-21T07:32:52","modified_gmt":"2025-06-21T05:32:52","slug":"yogourt-de-fresa-pmi","status":"publish","type":"product","link":"https:\/\/tukombo.com\/index.php\/product\/yogourt-de-fresa-pmi\/","title":{"rendered":"Yogourt de fresa PMI"},"content":{"rendered":"<p><b>Descripci\u00f3n:<\/b><\/p>\n<p class=\"ng-star-inserted\">Contiene 4 unidades de 120 g cada una. Ingredientes: leche, az\u00facar, almid\u00f3n modificado de ma\u00edz, espesantes (goma guar y pectina), aroma, colorante y fermentos l\u00e1cticos.<\/p>\n","protected":false},"excerpt":{"rendered":"<p>Descripci\u00f3n: Contiene 4 unidades de 120 g cada una. Ingredientes: leche, az\u00facar, almid\u00f3n modificado de ma\u00edz, espesantes (goma guar y pectina), aroma,&hellip;<\/p>\n","protected":false},"featured_media":100,"comment_status":"open","ping_status":"closed","template":"","meta":{"_monsterinsights_skip_tracking":false,"_monsterinsights_sitenote_active":false,"_monsterinsights_sitenote_note":"","_monsterinsights_sitenote_category":0},"product_cat":[21],"product_tag":[],"aioseo_notices":[],"_links":{"self":[{"href":"https:\/\/tukombo.com\/index.php\/wp-json\/wp\/v2\/product\/99"}],"collection":[{"href":"https:\/\/tukombo.com\/index.php\/wp-json\/wp\/v2\/product"}],"about":[{"href":"https:\/\/tukombo.com\/index.php\/wp-json\/wp\/v2\/types\/product"}],"replies":[{"embeddable":true,"href":"https:\/\/tukombo.com\/index.php\/wp-json\/wp\/v2\/comments?post=99"}],"wp:featuredmedia":[{"embeddable":true,"href":"https:\/\/tukombo.com\/index.php\/wp-json\/wp\/v2\/media\/100"}],"wp:attachment":[{"href":"https:\/\/tukombo.com\/index.php\/wp-json\/wp\/v2\/media?parent=99"}],"wp:term":[{"taxonomy":"product_cat","embeddable":true,"href":"https:\/\/tukombo.com\/index.php\/wp-json\/wp\/v2\/product_cat?post=99"},{"taxonomy":"product_tag","embeddable":true,"href":"https:\/\/tukombo.com\/index.php\/wp-json\/wp\/v2\/product_tag?post=99"}],"curies":[{"name":"wp","href":"https:\/\/api.w.org\/{rel}","templated":true}]}}